{"id":8848,"date":"2024-08-22T11:28:55","date_gmt":"2024-08-22T09:28:55","guid":{"rendered":"https:\/\/new.repaircms.com\/sicherheit-und-zuverlaessigkeit\/"},"modified":"2024-10-07T10:05:40","modified_gmt":"2024-10-07T08:05:40","slug":"sicherheit-und-zuverlaessigkeit","status":"publish","type":"page","link":"https:\/\/repaircms.com\/de\/sicherheit-und-zuverlaessigkeit\/","title":{"rendered":"Sicherheit und Zuverl\u00e4ssigkeit"},"content":{"rendered":"\t\t<div data-elementor-type=\"wp-page\" data-elementor-id=\"8848\" class=\"elementor elementor-8848 elementor-4409\" data-elementor-post-type=\"page\">\n\t\t\t\t<div class=\"elementor-element elementor-element-c50b96a e-flex e-con-boxed e-con e-parent\" data-id=\"c50b96a\" data-element_type=\"container\" data-settings=\"{&quot;ekit_has_onepagescroll_dot&quot;:&quot;yes&quot;}\">\n\t\t\t\t\t<div class=\"e-con-inner\">\n\t\t<div class=\"elementor-element elementor-element-f940422 e-con-full e-flex e-con e-child\" data-id=\"f940422\" data-element_type=\"container\" data-settings=\"{&quot;background_background&quot;:&quot;classic&quot;,&quot;ekit_has_onepagescroll_dot&quot;:&quot;yes&quot;}\">\n\t\t\t\t<div class=\"elementor-element elementor-element-d31a6bd elementor-widget elementor-widget-heading\" data-id=\"d31a6bd\" data-element_type=\"widget\" data-settings=\"{&quot;ekit_we_effect_on&quot;:&quot;none&quot;}\" data-widget_type=\"heading.default\">\n\t\t\t\t<div class=\"elementor-widget-container\">\n\t\t\t\t\t<h3 class=\"elementor-heading-title elementor-size-default\">Kategorien<\/h3>\t\t\t\t<\/div>\n\t\t\t\t<\/div>\n\t\t\t\t<div class=\"elementor-element elementor-element-fdf9071 elementor-widget elementor-widget-global elementor-global-8191 elementor-global-5737 elementor-widget-ekit-nav-menu\" data-id=\"fdf9071\" data-element_type=\"widget\" data-settings=\"{&quot;ekit_we_effect_on&quot;:&quot;none&quot;}\" data-widget_type=\"ekit-nav-menu.default\">\n\t\t\t\t<div class=\"elementor-widget-container\">\n\t\t\t\t\t\t\t<nav class=\"ekit-wid-con ekit_menu_responsive_tablet\" \n\t\t\tdata-hamburger-icon=\"\" \n\t\t\tdata-hamburger-icon-type=\"icon\" \n\t\t\tdata-responsive-breakpoint=\"1024\">\n\t\t\t            <button class=\"elementskit-menu-hamburger elementskit-menu-toggler\"  type=\"button\" aria-label=\"hamburger-icon\">\n                                    <span class=\"elementskit-menu-hamburger-icon\"><\/span><span class=\"elementskit-menu-hamburger-icon\"><\/span><span class=\"elementskit-menu-hamburger-icon\"><\/span>\n                            <\/button>\n            <div id=\"ekit-megamenu-legal-security\" class=\"elementskit-menu-container elementskit-menu-offcanvas-elements elementskit-navbar-nav-default ekit-nav-menu-one-page- ekit-nav-dropdown-hover\"><ul id=\"menu-legal-security-german\" class=\"elementskit-navbar-nav elementskit-menu-po-left submenu-click-on-icon\"><li id=\"menu-item-8857\" class=\"menu-item menu-item-type-post_type menu-item-object-page menu-item-8857 nav-item elementskit-mobile-builder-content\" data-vertical-menu=750px><a href=\"https:\/\/repaircms.com\/de\/rechtliche-offenlegung\/\" class=\"ekit-menu-nav-link menu-link\">Rechtliche Offenlegung<\/a><\/li>\n<li id=\"menu-item-8858\" class=\"menu-item menu-item-type-post_type menu-item-object-page menu-item-8858 nav-item elementskit-mobile-builder-content\" data-vertical-menu=750px><a href=\"https:\/\/repaircms.com\/de\/nutzungsbedingungen\/\" class=\"ekit-menu-nav-link menu-link\">Nutzungsbedingungen<\/a><\/li>\n<li id=\"menu-item-8860\" class=\"menu-item menu-item-type-post_type menu-item-object-page menu-item-8860 nav-item elementskit-mobile-builder-content\" data-vertical-menu=750px><a href=\"https:\/\/repaircms.com\/de\/sicherheit-und-zuverlaessigkeit\/\" class=\"ekit-menu-nav-link menu-link\">Sicherheit und Zuverl\u00e4ssigkeit<\/a><\/li>\n<li id=\"menu-item-8244\" class=\"menu-item menu-item-type-post_type menu-item-object-page menu-item-8244 nav-item elementskit-mobile-builder-content\" data-vertical-menu=750px><a href=\"https:\/\/repaircms.com\/de\/unterauftragnehmer\/\" class=\"ekit-menu-nav-link menu-link\">Subunternehmer<\/a><\/li>\n<li id=\"menu-item-10795\" class=\"menu-item menu-item-type-post_type menu-item-object-page menu-item-10795 nav-item elementskit-mobile-builder-content\" data-vertical-menu=750px><a href=\"https:\/\/repaircms.com\/de\/cookie-richtlinie\/\" class=\"ekit-menu-nav-link menu-link\">Cookie-Richtlinie<\/a><\/li>\n<li id=\"menu-item-10836\" class=\"menu-item menu-item-type-post_type menu-item-object-page menu-item-10836 nav-item elementskit-mobile-builder-content\" data-vertical-menu=750px><a href=\"https:\/\/repaircms.com\/de\/datenschutz\/\" class=\"ekit-menu-nav-link menu-link\">Datenschutzerkl\u00e4rung<\/a><\/li>\n<\/ul><div class=\"elementskit-nav-identity-panel\"><button class=\"elementskit-menu-close elementskit-menu-toggler\" type=\"button\">X<\/button><\/div><\/div>\t\t\t\n\t\t\t<div class=\"elementskit-menu-overlay elementskit-menu-offcanvas-elements elementskit-menu-toggler ekit-nav-menu--overlay\"><\/div>        <\/nav>\n\t\t\t\t\t\t<\/div>\n\t\t\t\t<\/div>\n\t\t\t\t<\/div>\n\t\t<div class=\"elementor-element elementor-element-2a120e6 e-con-full e-flex e-con e-child\" data-id=\"2a120e6\" data-element_type=\"container\" data-settings=\"{&quot;ekit_has_onepagescroll_dot&quot;:&quot;yes&quot;}\">\n\t\t\t\t<div class=\"elementor-element elementor-element-bd15658 elementor-widget elementor-widget-text-editor\" data-id=\"bd15658\" data-element_type=\"widget\" data-settings=\"{&quot;ekit_we_effect_on&quot;:&quot;none&quot;}\" data-widget_type=\"text-editor.default\">\n\t\t\t\t<div class=\"elementor-widget-container\">\n\t\t\t\t\t\t\t\t\t<p>Wir bei RepairCMS nehmen Sicherheit sehr ernst. Der Schutz Ihrer Daten ist unser Auftrag. Zu diesem Zweck befolgen wir die heutigen bew\u00e4hrten Sicherheitsverfahren, einschlie\u00dflich der folgenden:  <\/p>\n<ul>\n<li>Verschl\u00fcsselte Daten\u00fcbertragung (https)<\/li>\n<li>Verschl\u00fcsselung der Daten im Ruhezustand<\/li>\n<li>E-Mail-Best\u00e4tigung<\/li>\n<li>Starke Passw\u00f6rter<\/li>\n<li>Zugangskontrollen<\/li>\n<li>Audit- und Systemprotokolle<\/li>\n<li>Netzwerksicherheit<\/li>\n<\/ul>\n<p>Wir erstellen fortlaufende Backups,<br \/>sodass wir zu jedem beliebigen Zeitpunkt innerhalb der Backup-Aufbewahrungsfrist wiederherstellen k\u00f6nnen.<\/p>\n<p>Unsere Applikationen werden st\u00e4ndig auf Schwachstellen untersucht. <\/p>\n<p>H\u00e4ufige Aktualisierung der Code-Bibliotheken<br \/>Wir verwenden ein automatisiertes System, um bekannte Sicherheitsschwachstellen in den Open-Source-Bibliotheken, auf die wir angewiesen sind, zu \u00fcberwachen und schnell mit Aktualisierungen zu reagieren.<\/p>\n<p>F\u00fcr den Fall einer Datenschutzverletzung haben wir ein Verfahren, das vorschreibt, wie und wann wir die betroffenen Parteien rechtzeitig und verantwortungsbewusst informieren, wobei die erste Mitteilung innerhalb von 24 Stunden nach Bekanntwerden des Vorfalls erfolgt.<\/p>\n\t\t\t\t\t\t\t\t<\/div>\n\t\t\t\t<\/div>\n\t\t\t\t<\/div>\n\t\t\t\t\t<\/div>\n\t\t\t\t<\/div>\n\t\t\t\t<\/div>\n\t\t","protected":false},"excerpt":{"rendered":"<p>Kategorien Legal Disclosure Terms of service Cookie Policy GDPR &#038; Privacy Policy Safety &amp; Reliability Subcontractor X Wir bei RepairCMS nehmen Sicherheit sehr ernst. Der Schutz Ihrer Daten ist unser Auftrag. Zu diesem Zweck befolgen wir die heutigen bew\u00e4hrten Sicherheitsverfahren, einschlie\u00dflich der folgenden: Verschl\u00fcsselte Daten\u00fcbertragung (https) Verschl\u00fcsselung der Daten im Ruhezustand E-Mail-Best\u00e4tigung Starke Passw\u00f6rter Zugangskontrollen [&hellip;]<\/p>\n","protected":false},"author":1,"featured_media":0,"parent":0,"menu_order":0,"comment_status":"closed","ping_status":"closed","template":"","meta":{"content-type":"","inline_featured_image":false,"_monsterinsights_skip_tracking":false,"_monsterinsights_sitenote_active":false,"_monsterinsights_sitenote_note":"","_monsterinsights_sitenote_category":0,"site-sidebar-layout":"no-sidebar","site-content-layout":"","ast-site-content-layout":"full-width-container","site-content-style":"default","site-sidebar-style":"default","ast-global-header-display":"","ast-banner-title-visibility":"","ast-main-header-display":"","ast-hfb-above-header-display":"","ast-hfb-below-header-display":"","ast-hfb-mobile-header-display":"","site-post-title":"disabled","ast-breadcrumbs-content":"","ast-featured-img":"disabled","footer-sml-layout":"","theme-transparent-header-meta":"","adv-header-id-meta":"","stick-header-meta":"","header-above-stick-meta":"","header-main-stick-meta":"","header-below-stick-meta":"","astra-migrate-meta-layouts":"default","ast-page-background-enabled":"default","ast-page-background-meta":{"desktop":{"background-color":"var(--ast-global-color-4)","background-image":"","background-repeat":"repeat","background-position":"center center","background-size":"auto","background-attachment":"scroll","background-type":"","background-media":"","overlay-type":"","overlay-color":"","overlay-opacity":"","overlay-gradient":""},"tablet":{"background-color":"","background-image":"","background-repeat":"repeat","background-position":"center center","background-size":"auto","background-attachment":"scroll","background-type":"","background-media":"","overlay-type":"","overlay-color":"","overlay-opacity":"","overlay-gradient":""},"mobile":{"background-color":"","background-image":"","background-repeat":"repeat","background-position":"center center","background-size":"auto","background-attachment":"scroll","background-type":"","background-media":"","overlay-type":"","overlay-color":"","overlay-opacity":"","overlay-gradient":""}},"ast-content-background-meta":{"desktop":{"background-color":"var(--ast-global-color-5)","background-image":"","background-repeat":"repeat","background-position":"center center","background-size":"auto","background-attachment":"scroll","background-type":"","background-media":"","overlay-type":"","overlay-color":"","overlay-opacity":"","overlay-gradient":""},"tablet":{"background-color":"var(--ast-global-color-5)","background-image":"","background-repeat":"repeat","background-position":"center center","background-size":"auto","background-attachment":"scroll","background-type":"","background-media":"","overlay-type":"","overlay-color":"","overlay-opacity":"","overlay-gradient":""},"mobile":{"background-color":"var(--ast-global-color-5)","background-image":"","background-repeat":"repeat","background-position":"center center","background-size":"auto","background-attachment":"scroll","background-type":"","background-media":"","overlay-type":"","overlay-color":"","overlay-opacity":"","overlay-gradient":""}},"footnotes":""},"class_list":["post-8848","page","type-page","status-publish","hentry"],"_links":{"self":[{"href":"https:\/\/repaircms.com\/de\/wp-json\/wp\/v2\/pages\/8848","targetHints":{"allow":["GET"]}}],"collection":[{"href":"https:\/\/repaircms.com\/de\/wp-json\/wp\/v2\/pages"}],"about":[{"href":"https:\/\/repaircms.com\/de\/wp-json\/wp\/v2\/types\/page"}],"author":[{"embeddable":true,"href":"https:\/\/repaircms.com\/de\/wp-json\/wp\/v2\/users\/1"}],"replies":[{"embeddable":true,"href":"https:\/\/repaircms.com\/de\/wp-json\/wp\/v2\/comments?post=8848"}],"version-history":[{"count":0,"href":"https:\/\/repaircms.com\/de\/wp-json\/wp\/v2\/pages\/8848\/revisions"}],"wp:attachment":[{"href":"https:\/\/repaircms.com\/de\/wp-json\/wp\/v2\/media?parent=8848"}],"curies":[{"name":"wp","href":"https:\/\/api.w.org\/{rel}","templated":true}]}}