{"id":8061,"date":"2024-08-22T11:35:57","date_gmt":"2024-08-22T09:35:57","guid":{"rendered":"https:\/\/new.repaircms.com\/unterauftragnehmer\/"},"modified":"2024-10-07T10:08:46","modified_gmt":"2024-10-07T08:08:46","slug":"unterauftragnehmer","status":"publish","type":"page","link":"https:\/\/repaircms.com\/de\/unterauftragnehmer\/","title":{"rendered":"Subunternehmer"},"content":{"rendered":"\t\t<div data-elementor-type=\"wp-page\" data-elementor-id=\"8061\" class=\"elementor elementor-8061 elementor-4418\" data-elementor-post-type=\"page\">\n\t\t\t\t<div class=\"elementor-element elementor-element-ba422bf e-flex e-con-boxed e-con e-parent\" data-id=\"ba422bf\" data-element_type=\"container\" data-settings=\"{&quot;ekit_has_onepagescroll_dot&quot;:&quot;yes&quot;}\">\n\t\t\t\t\t<div class=\"e-con-inner\">\n\t\t<div class=\"elementor-element elementor-element-14b185f e-con-full e-flex e-con e-child\" data-id=\"14b185f\" data-element_type=\"container\" data-settings=\"{&quot;background_background&quot;:&quot;classic&quot;,&quot;ekit_has_onepagescroll_dot&quot;:&quot;yes&quot;}\">\n\t\t\t\t<div class=\"elementor-element elementor-element-5f9e79e elementor-widget elementor-widget-heading\" data-id=\"5f9e79e\" data-element_type=\"widget\" data-settings=\"{&quot;ekit_we_effect_on&quot;:&quot;none&quot;}\" data-widget_type=\"heading.default\">\n\t\t\t\t<div class=\"elementor-widget-container\">\n\t\t\t\t\t<h3 class=\"elementor-heading-title elementor-size-default\">Kategorien<\/h3>\t\t\t\t<\/div>\n\t\t\t\t<\/div>\n\t\t\t\t<div class=\"elementor-element elementor-element-a2e1604 elementor-widget elementor-widget-global elementor-global-8191 elementor-global-5737 elementor-widget-ekit-nav-menu\" data-id=\"a2e1604\" data-element_type=\"widget\" data-settings=\"{&quot;ekit_we_effect_on&quot;:&quot;none&quot;}\" data-widget_type=\"ekit-nav-menu.default\">\n\t\t\t\t<div class=\"elementor-widget-container\">\n\t\t\t\t\t\t\t<nav class=\"ekit-wid-con ekit_menu_responsive_tablet\" \n\t\t\tdata-hamburger-icon=\"\" \n\t\t\tdata-hamburger-icon-type=\"icon\" \n\t\t\tdata-responsive-breakpoint=\"1024\">\n\t\t\t            <button class=\"elementskit-menu-hamburger elementskit-menu-toggler\"  type=\"button\" aria-label=\"hamburger-icon\">\n                                    <span class=\"elementskit-menu-hamburger-icon\"><\/span><span class=\"elementskit-menu-hamburger-icon\"><\/span><span class=\"elementskit-menu-hamburger-icon\"><\/span>\n                            <\/button>\n            <div id=\"ekit-megamenu-legal-security\" class=\"elementskit-menu-container elementskit-menu-offcanvas-elements elementskit-navbar-nav-default ekit-nav-menu-one-page- ekit-nav-dropdown-hover\"><ul id=\"menu-legal-security-german\" class=\"elementskit-navbar-nav elementskit-menu-po-left submenu-click-on-icon\"><li id=\"menu-item-8857\" class=\"menu-item menu-item-type-post_type menu-item-object-page menu-item-8857 nav-item elementskit-mobile-builder-content\" data-vertical-menu=750px><a href=\"https:\/\/repaircms.com\/de\/rechtliche-offenlegung\/\" class=\"ekit-menu-nav-link menu-link\">Rechtliche Offenlegung<\/a><\/li>\n<li id=\"menu-item-8858\" class=\"menu-item menu-item-type-post_type menu-item-object-page menu-item-8858 nav-item elementskit-mobile-builder-content\" data-vertical-menu=750px><a href=\"https:\/\/repaircms.com\/de\/nutzungsbedingungen\/\" class=\"ekit-menu-nav-link menu-link\">Nutzungsbedingungen<\/a><\/li>\n<li id=\"menu-item-8860\" class=\"menu-item menu-item-type-post_type menu-item-object-page menu-item-8860 nav-item elementskit-mobile-builder-content\" data-vertical-menu=750px><a href=\"https:\/\/repaircms.com\/de\/sicherheit-und-zuverlaessigkeit\/\" class=\"ekit-menu-nav-link menu-link\">Sicherheit und Zuverl\u00e4ssigkeit<\/a><\/li>\n<li id=\"menu-item-8244\" class=\"menu-item menu-item-type-post_type menu-item-object-page menu-item-8244 nav-item elementskit-mobile-builder-content\" data-vertical-menu=750px><a href=\"https:\/\/repaircms.com\/de\/unterauftragnehmer\/\" class=\"ekit-menu-nav-link menu-link\">Subunternehmer<\/a><\/li>\n<li id=\"menu-item-10795\" class=\"menu-item menu-item-type-post_type menu-item-object-page menu-item-10795 nav-item elementskit-mobile-builder-content\" data-vertical-menu=750px><a href=\"https:\/\/repaircms.com\/de\/cookie-richtlinie\/\" class=\"ekit-menu-nav-link menu-link\">Cookie-Richtlinie<\/a><\/li>\n<li id=\"menu-item-10836\" class=\"menu-item menu-item-type-post_type menu-item-object-page menu-item-10836 nav-item elementskit-mobile-builder-content\" data-vertical-menu=750px><a href=\"https:\/\/repaircms.com\/de\/datenschutz\/\" class=\"ekit-menu-nav-link menu-link\">Datenschutzerkl\u00e4rung<\/a><\/li>\n<\/ul><div class=\"elementskit-nav-identity-panel\"><button class=\"elementskit-menu-close elementskit-menu-toggler\" type=\"button\">X<\/button><\/div><\/div>\t\t\t\n\t\t\t<div class=\"elementskit-menu-overlay elementskit-menu-offcanvas-elements elementskit-menu-toggler ekit-nav-menu--overlay\"><\/div>        <\/nav>\n\t\t\t\t\t\t<\/div>\n\t\t\t\t<\/div>\n\t\t\t\t<\/div>\n\t\t<div class=\"elementor-element elementor-element-f498c9a e-con-full e-flex e-con e-child\" data-id=\"f498c9a\" data-element_type=\"container\" data-settings=\"{&quot;ekit_has_onepagescroll_dot&quot;:&quot;yes&quot;}\">\n\t\t\t\t<div class=\"elementor-element elementor-element-22186d7 elementor-widget elementor-widget-text-editor\" data-id=\"22186d7\" data-element_type=\"widget\" data-settings=\"{&quot;ekit_we_effect_on&quot;:&quot;none&quot;}\" data-widget_type=\"text-editor.default\">\n\t\t\t\t<div class=\"elementor-widget-container\">\n\t\t\t\t\t\t\t\t\t<p>Wir nutzen Drittanbieter, um Dienstleistungen zu erbringen, die f\u00fcr den Betrieb und die Verbesserung der Dienstleistungen, die wir unseren Kunden anbieten, erforderlich sind. Wir schlie\u00dfen mit jedem Anbieter, der personenbezogene Daten verarbeitet, DSGVO-konforme Datenverarbeitungsvertr\u00e4ge ab.<br>Personen bezogene Daten werden mit folgenden Subfirmen geteilt: <\/p>\n<ul>\n<li>Stripe &#8211; Abrechnung<\/li>\n<li>Heroku &#8211; Server<\/li>\n<li>Amazon Web Services \u2013 Speicherung und Server<\/li>\n<li>Google Analytics &#8211; Auswertungen<\/li>\n<li>Facebook &#8211; Werbeanzeigen<\/li>\n<li>Google Ads &#8211; Werbeanzeigen<\/li>\n<li>HubSpot &#8211; Marketing, Unterst\u00fctzung und Vertrieb<br><\/li>\n<li>UAB Sender.lt &#8211; Marketing<\/li>\n<li>Userback -Feedback-Analyse, Produktverbesserung<\/li>\n<\/ul>\t\t\t\t\t\t\t\t<\/div>\n\t\t\t\t<\/div>\n\t\t\t\t<\/div>\n\t\t\t\t\t<\/div>\n\t\t\t\t<\/div>\n\t\t\t\t<\/div>\n\t\t","protected":false},"excerpt":{"rendered":"<p>Kategorien Legal Disclosure Terms of service Cookie Policy GDPR &#038; Privacy Policy Safety &amp; Reliability Subcontractor X Wir nutzen Drittanbieter, um Dienstleistungen zu erbringen, die f\u00fcr den Betrieb und die Verbesserung der Dienstleistungen, die wir unseren Kunden anbieten, erforderlich sind. Wir schlie\u00dfen mit jedem Anbieter, der personenbezogene Daten verarbeitet, DSGVO-konforme Datenverarbeitungsvertr\u00e4ge ab.Personen bezogene Daten werden [&hellip;]<\/p>\n","protected":false},"author":1,"featured_media":0,"parent":0,"menu_order":0,"comment_status":"closed","ping_status":"closed","template":"","meta":{"content-type":"","inline_featured_image":false,"_monsterinsights_skip_tracking":false,"_monsterinsights_sitenote_active":false,"_monsterinsights_sitenote_note":"","_monsterinsights_sitenote_category":0,"site-sidebar-layout":"no-sidebar","site-content-layout":"","ast-site-content-layout":"full-width-container","site-content-style":"default","site-sidebar-style":"default","ast-global-header-display":"","ast-banner-title-visibility":"","ast-main-header-display":"","ast-hfb-above-header-display":"","ast-hfb-below-header-display":"","ast-hfb-mobile-header-display":"","site-post-title":"disabled","ast-breadcrumbs-content":"","ast-featured-img":"disabled","footer-sml-layout":"","theme-transparent-header-meta":"","adv-header-id-meta":"","stick-header-meta":"","header-above-stick-meta":"","header-main-stick-meta":"","header-below-stick-meta":"","astra-migrate-meta-layouts":"default","ast-page-background-enabled":"default","ast-page-background-meta":{"desktop":{"background-color":"var(--ast-global-color-4)","background-image":"","background-repeat":"repeat","background-position":"center center","background-size":"auto","background-attachment":"scroll","background-type":"","background-media":"","overlay-type":"","overlay-color":"","overlay-opacity":"","overlay-gradient":""},"tablet":{"background-color":"","background-image":"","background-repeat":"repeat","background-position":"center center","background-size":"auto","background-attachment":"scroll","background-type":"","background-media":"","overlay-type":"","overlay-color":"","overlay-opacity":"","overlay-gradient":""},"mobile":{"background-color":"","background-image":"","background-repeat":"repeat","background-position":"center center","background-size":"auto","background-attachment":"scroll","background-type":"","background-media":"","overlay-type":"","overlay-color":"","overlay-opacity":"","overlay-gradient":""}},"ast-content-background-meta":{"desktop":{"background-color":"var(--ast-global-color-5)","background-image":"","background-repeat":"repeat","background-position":"center center","background-size":"auto","background-attachment":"scroll","background-type":"","background-media":"","overlay-type":"","overlay-color":"","overlay-opacity":"","overlay-gradient":""},"tablet":{"background-color":"var(--ast-global-color-5)","background-image":"","background-repeat":"repeat","background-position":"center center","background-size":"auto","background-attachment":"scroll","background-type":"","background-media":"","overlay-type":"","overlay-color":"","overlay-opacity":"","overlay-gradient":""},"mobile":{"background-color":"var(--ast-global-color-5)","background-image":"","background-repeat":"repeat","background-position":"center center","background-size":"auto","background-attachment":"scroll","background-type":"","background-media":"","overlay-type":"","overlay-color":"","overlay-opacity":"","overlay-gradient":""}},"footnotes":""},"class_list":["post-8061","page","type-page","status-publish","hentry"],"_links":{"self":[{"href":"https:\/\/repaircms.com\/de\/wp-json\/wp\/v2\/pages\/8061","targetHints":{"allow":["GET"]}}],"collection":[{"href":"https:\/\/repaircms.com\/de\/wp-json\/wp\/v2\/pages"}],"about":[{"href":"https:\/\/repaircms.com\/de\/wp-json\/wp\/v2\/types\/page"}],"author":[{"embeddable":true,"href":"https:\/\/repaircms.com\/de\/wp-json\/wp\/v2\/users\/1"}],"replies":[{"embeddable":true,"href":"https:\/\/repaircms.com\/de\/wp-json\/wp\/v2\/comments?post=8061"}],"version-history":[{"count":0,"href":"https:\/\/repaircms.com\/de\/wp-json\/wp\/v2\/pages\/8061\/revisions"}],"wp:attachment":[{"href":"https:\/\/repaircms.com\/de\/wp-json\/wp\/v2\/media?parent=8061"}],"curies":[{"name":"wp","href":"https:\/\/api.w.org\/{rel}","templated":true}]}}