{"id":8057,"date":"2024-07-24T12:44:27","date_gmt":"2024-07-24T10:44:27","guid":{"rendered":"https:\/\/new.repaircms.com\/vereinbare-eine-demo-mit-uns\/"},"modified":"2024-10-07T09:15:18","modified_gmt":"2024-10-07T07:15:18","slug":"vereinbare-eine-demo-mit-uns","status":"publish","type":"page","link":"https:\/\/repaircms.com\/de\/vereinbare-eine-demo-mit-uns\/","title":{"rendered":"demo"},"content":{"rendered":"\t\t<div data-elementor-type=\"wp-page\" data-elementor-id=\"8057\" class=\"elementor elementor-8057 elementor-3061\" data-elementor-post-type=\"page\">\n\t\t\t\t<div class=\"elementor-element elementor-element-8463326 elementor-hidden-tablet elementor-hidden-mobile e-flex e-con-boxed e-con e-parent\" data-id=\"8463326\" data-element_type=\"container\" data-settings=\"{&quot;ekit_has_onepagescroll_dot&quot;:&quot;yes&quot;}\">\n\t\t\t\t\t<div class=\"e-con-inner\">\n\t\t<div class=\"elementor-element elementor-element-9b6d573 elementor-hidden-tablet elementor-hidden-mobile e-con-full e-flex e-con e-child\" data-id=\"9b6d573\" data-element_type=\"container\" data-settings=\"{&quot;ekit_has_onepagescroll_dot&quot;:&quot;yes&quot;}\">\n\t\t\t\t<div class=\"elementor-element elementor-element-c98e457 elementor-widget-mobile__width-initial elementor-widget elementor-widget-heading\" data-id=\"c98e457\" data-element_type=\"widget\" data-settings=\"{&quot;_animation&quot;:&quot;none&quot;,&quot;_animation_delay&quot;:225,&quot;ekit_we_effect_on&quot;:&quot;none&quot;}\" data-widget_type=\"heading.default\">\n\t\t\t\t<div class=\"elementor-widget-container\">\n\t\t\t\t\t<h2 class=\"elementor-heading-title elementor-size-default\">Entdecken Sie die Zukunft der Reparaturverwaltung. Jetzt Demo vereinbaren!<\/h2>\t\t\t\t<\/div>\n\t\t\t\t<\/div>\n\t\t\t\t<div class=\"elementor-element elementor-element-4982203 elementor-widget elementor-widget-text-editor\" data-id=\"4982203\" data-element_type=\"widget\" data-settings=\"{&quot;_animation&quot;:&quot;none&quot;,&quot;ekit_we_effect_on&quot;:&quot;none&quot;}\" data-widget_type=\"text-editor.default\">\n\t\t\t\t<div class=\"elementor-widget-container\">\n\t\t\t\t\t\t\t\t\t<p>Vereinbaren Sie noch heute eine pers\u00f6nliche Demo und sehen Sie die Vorteile live!<\/p>\t\t\t\t\t\t\t\t<\/div>\n\t\t\t\t<\/div>\n\t\t\t\t<\/div>\n\t\t\t\t\t<\/div>\n\t\t\t\t<\/div>\n\t\t<div class=\"elementor-element elementor-element-a98e7b3 e-flex e-con-boxed elementor-invisible e-con e-parent\" data-id=\"a98e7b3\" data-element_type=\"container\" data-settings=\"{&quot;animation&quot;:&quot;fadeInUp&quot;,&quot;ekit_has_onepagescroll_dot&quot;:&quot;yes&quot;}\">\n\t\t\t\t\t<div class=\"e-con-inner\">\n\t\t<div class=\"elementor-element elementor-element-b481c77 e-con-full e-flex e-con e-child\" data-id=\"b481c77\" data-element_type=\"container\" data-settings=\"{&quot;background_background&quot;:&quot;classic&quot;,&quot;ekit_has_onepagescroll_dot&quot;:&quot;yes&quot;}\">\n\t\t\t\t<div class=\"elementor-element elementor-element-c1c9796 elementor-widget elementor-widget-heading\" data-id=\"c1c9796\" data-element_type=\"widget\" data-settings=\"{&quot;ekit_we_effect_on&quot;:&quot;none&quot;}\" data-widget_type=\"heading.default\">\n\t\t\t\t<div class=\"elementor-widget-container\">\n\t\t\t\t\t<h3 class=\"elementor-heading-title elementor-size-default\">Demo vereinbaren<\/h3>\t\t\t\t<\/div>\n\t\t\t\t<\/div>\n\t\t\t\t<div class=\"elementor-element elementor-element-ac33b3b elementor-widget elementor-widget-hubspot-form\" data-id=\"ac33b3b\" data-element_type=\"widget\" data-settings=\"{&quot;ekit_we_effect_on&quot;:&quot;none&quot;}\" data-widget_type=\"hubspot-form.default\">\n\t\t\t\t<div class=\"elementor-widget-container\">\n\t\t\t\t\t\n\t\t\t\t\t\t<script>\n\t\t\t\t\t\t\twindow.hsFormsOnReady = window.hsFormsOnReady || [];\n\t\t\t\t\t\t\twindow.hsFormsOnReady.push(()=>{\n\t\t\t\t\t\t\t\thbspt.forms.create({\n\t\t\t\t\t\t\t\t\tportalId: 6067324,\n\t\t\t\t\t\t\t\t\tformId: \"e2952cde-d701-439b-8e19-94d5cf890377\",\n\t\t\t\t\t\t\t\t\ttarget: \"#hbspt-form-1776658205000-5953161820\",\n\t\t\t\t\t\t\t\t\tregion: \"na1\",\n\t\t\t\t\t\t\t\t\t\n\t\t\t\t\t\t\t})});\n\t\t\t\t\t\t<\/script>\n\t\t\t\t\t\t<div class=\"hbspt-form\" id=\"hbspt-form-1776658205000-5953161820\"><\/div>\t\t\t\t<\/div>\n\t\t\t\t<\/div>\n\t\t\t\t<div class=\"elementor-element elementor-element-7ccc4a2 elementor-widget__width-initial elementor-widget elementor-widget-heading\" data-id=\"7ccc4a2\" data-element_type=\"widget\" data-settings=\"{&quot;ekit_we_effect_on&quot;:&quot;none&quot;}\" data-widget_type=\"heading.default\">\n\t\t\t\t<div class=\"elementor-widget-container\">\n\t\t\t\t\t<h3 class=\"elementor-heading-title elementor-size-default\">Was sie in der Demo lernen<\/h3>\t\t\t\t<\/div>\n\t\t\t\t<\/div>\n\t\t\t\t<div class=\"elementor-element elementor-element-0aee65b elementor-widget__width-initial elementor-icon-list--layout-traditional elementor-list-item-link-full_width elementor-widget elementor-widget-icon-list\" data-id=\"0aee65b\" data-element_type=\"widget\" data-settings=\"{&quot;ekit_we_effect_on&quot;:&quot;none&quot;}\" data-widget_type=\"icon-list.default\">\n\t\t\t\t<div class=\"elementor-widget-container\">\n\t\t\t\t\t\t\t<ul class=\"elementor-icon-list-items\">\n\t\t\t\t\t\t\t<li class=\"elementor-icon-list-item\">\n\t\t\t\t\t\t\t\t\t\t\t<span class=\"elementor-icon-list-icon\">\n\t\t\t\t\t\t\t<svg aria-hidden=\"true\" class=\"e-font-icon-svg e-fas-check\" viewBox=\"0 0 512 512\" xmlns=\"http:\/\/www.w3.org\/2000\/svg\"><path d=\"M173.898 439.404l-166.4-166.4c-9.997-9.997-9.997-26.206 0-36.204l36.203-36.204c9.997-9.998 26.207-9.998 36.204 0L192 312.69 432.095 72.596c9.997-9.997 26.207-9.997 36.204 0l36.203 36.204c9.997 9.997 9.997 26.206 0 36.204l-294.4 294.401c-9.998 9.997-26.207 9.997-36.204-.001z\"><\/path><\/svg>\t\t\t\t\t\t<\/span>\n\t\t\t\t\t\t\t\t\t\t<span class=\"elementor-icon-list-text\">Wie Sie Ihre Ziele mit RepairCMS erreichen<\/span>\n\t\t\t\t\t\t\t\t\t<\/li>\n\t\t\t\t\t\t\t\t<li class=\"elementor-icon-list-item\">\n\t\t\t\t\t\t\t\t\t\t\t<span class=\"elementor-icon-list-icon\">\n\t\t\t\t\t\t\t<svg aria-hidden=\"true\" class=\"e-font-icon-svg e-fas-check\" viewBox=\"0 0 512 512\" xmlns=\"http:\/\/www.w3.org\/2000\/svg\"><path d=\"M173.898 439.404l-166.4-166.4c-9.997-9.997-9.997-26.206 0-36.204l36.203-36.204c9.997-9.998 26.207-9.998 36.204 0L192 312.69 432.095 72.596c9.997-9.997 26.207-9.997 36.204 0l36.203 36.204c9.997 9.997 9.997 26.206 0 36.204l-294.4 294.401c-9.998 9.997-26.207 9.997-36.204-.001z\"><\/path><\/svg>\t\t\t\t\t\t<\/span>\n\t\t\t\t\t\t\t\t\t\t<span class=\"elementor-icon-list-text\">Wie RepairCMS Ultimate funktioniert<\/span>\n\t\t\t\t\t\t\t\t\t<\/li>\n\t\t\t\t\t\t\t\t<li class=\"elementor-icon-list-item\">\n\t\t\t\t\t\t\t\t\t\t\t<span class=\"elementor-icon-list-icon\">\n\t\t\t\t\t\t\t<svg aria-hidden=\"true\" class=\"e-font-icon-svg e-fas-check\" viewBox=\"0 0 512 512\" xmlns=\"http:\/\/www.w3.org\/2000\/svg\"><path d=\"M173.898 439.404l-166.4-166.4c-9.997-9.997-9.997-26.206 0-36.204l36.203-36.204c9.997-9.998 26.207-9.998 36.204 0L192 312.69 432.095 72.596c9.997-9.997 26.207-9.997 36.204 0l36.203 36.204c9.997 9.997 9.997 26.206 0 36.204l-294.4 294.401c-9.998 9.997-26.207 9.997-36.204-.001z\"><\/path><\/svg>\t\t\t\t\t\t<\/span>\n\t\t\t\t\t\t\t\t\t\t<span class=\"elementor-icon-list-text\">Sie erhalten eine exklusive Produkttour<\/span>\n\t\t\t\t\t\t\t\t\t<\/li>\n\t\t\t\t\t\t\t\t<li class=\"elementor-icon-list-item\">\n\t\t\t\t\t\t\t\t\t\t\t<span class=\"elementor-icon-list-icon\">\n\t\t\t\t\t\t\t<svg aria-hidden=\"true\" class=\"e-font-icon-svg e-fas-check\" viewBox=\"0 0 512 512\" xmlns=\"http:\/\/www.w3.org\/2000\/svg\"><path d=\"M173.898 439.404l-166.4-166.4c-9.997-9.997-9.997-26.206 0-36.204l36.203-36.204c9.997-9.998 26.207-9.998 36.204 0L192 312.69 432.095 72.596c9.997-9.997 26.207-9.997 36.204 0l36.203 36.204c9.997 9.997 9.997 26.206 0 36.204l-294.4 294.401c-9.998 9.997-26.207 9.997-36.204-.001z\"><\/path><\/svg>\t\t\t\t\t\t<\/span>\n\t\t\t\t\t\t\t\t\t\t<span class=\"elementor-icon-list-text\">Antworten auf jegliche Fragen zu RepairCMS<\/span>\n\t\t\t\t\t\t\t\t\t<\/li>\n\t\t\t\t\t\t<\/ul>\n\t\t\t\t\t\t<\/div>\n\t\t\t\t<\/div>\n\t\t\t\t<\/div>\n\t\t<div class=\"elementor-element elementor-element-c16eb42 e-con-full e-flex e-con e-child\" data-id=\"c16eb42\" data-element_type=\"container\" data-settings=\"{&quot;background_background&quot;:&quot;classic&quot;,&quot;ekit_has_onepagescroll_dot&quot;:&quot;yes&quot;}\">\n\t\t\t\t<div class=\"elementor-element elementor-element-15a99e6 elementor-widget elementor-widget-image\" data-id=\"15a99e6\" data-element_type=\"widget\" data-settings=\"{&quot;ekit_we_effect_on&quot;:&quot;none&quot;}\" data-widget_type=\"image.default\">\n\t\t\t\t<div class=\"elementor-widget-container\">\n\t\t\t\t\t\t\t\t\t\t\t\t\t\t\t<img fetchpriority=\"high\" decoding=\"async\" width=\"975\" height=\"1024\" src=\"https:\/\/repaircms.com\/wp-content\/uploads\/2024\/09\/google_meets.svg\" class=\"attachment-large size-large wp-image-7802\" alt=\"Google Meets\" \/>\t\t\t\t\t\t\t\t\t\t\t\t\t\t\t<\/div>\n\t\t\t\t<\/div>\n\t\t\t\t<div class=\"elementor-element elementor-element-4da7349 elementor-widget elementor-widget-heading\" data-id=\"4da7349\" data-element_type=\"widget\" data-settings=\"{&quot;ekit_we_effect_on&quot;:&quot;none&quot;}\" data-widget_type=\"heading.default\">\n\t\t\t\t<div class=\"elementor-widget-container\">\n\t\t\t\t\t<h3 class=\"elementor-heading-title elementor-size-default\">Wir freuen uns darauf, Sie kennenzulernen.<\/h3>\t\t\t\t<\/div>\n\t\t\t\t<\/div>\n\t\t\t\t<\/div>\n\t\t\t\t\t<\/div>\n\t\t\t\t<\/div>\n\t\t<div class=\"elementor-element elementor-element-fefd75e e-flex e-con-boxed elementor-invisible e-con e-parent\" data-id=\"fefd75e\" data-element_type=\"container\" data-settings=\"{&quot;animation&quot;:&quot;fadeInUp&quot;,&quot;ekit_has_onepagescroll_dot&quot;:&quot;yes&quot;}\">\n\t\t\t\t\t<div class=\"e-con-inner\">\n\t\t\t\t<div class=\"elementor-element elementor-element-156faaf elementor-widget elementor-widget-heading\" data-id=\"156faaf\" data-element_type=\"widget\" data-settings=\"{&quot;ekit_we_effect_on&quot;:&quot;none&quot;}\" data-widget_type=\"heading.default\">\n\t\t\t\t<div class=\"elementor-widget-container\">\n\t\t\t\t\t<h3 class=\"elementor-heading-title elementor-size-default\">H\u00e4ufig gestellte fragen<\/h3>\t\t\t\t<\/div>\n\t\t\t\t<\/div>\n\t\t\t\t\t<\/div>\n\t\t\t\t<\/div>\n\t\t<div class=\"elementor-element elementor-element-0681f10 e-flex e-con-boxed elementor-invisible e-con e-parent\" data-id=\"0681f10\" data-element_type=\"container\" data-settings=\"{&quot;animation&quot;:&quot;fadeInUp&quot;,&quot;ekit_has_onepagescroll_dot&quot;:&quot;yes&quot;}\">\n\t\t\t\t\t<div class=\"e-con-inner\">\n\t\t<div class=\"elementor-element elementor-element-284d17c e-con-full e-flex e-con e-child\" data-id=\"284d17c\" data-element_type=\"container\" data-settings=\"{&quot;ekit_has_onepagescroll_dot&quot;:&quot;yes&quot;}\">\n\t\t\t\t<div class=\"elementor-element elementor-element-2a513c8 elementor-widget elementor-widget-elementskit-faq\" data-id=\"2a513c8\" data-element_type=\"widget\" data-settings=\"{&quot;ekit_we_effect_on&quot;:&quot;none&quot;}\" data-widget_type=\"elementskit-faq.default\">\n\t\t\t\t<div class=\"elementor-widget-container\">\n\t\t\t\t\t<div class=\"ekit-wid-con\" >\n                <div class=\"elementskit-single-faq elementor-repeater-item-f6d6216\">\n            <div class=\"elementskit-faq-header\">\n                <h2 class=\"elementskit-faq-title\">\ud83d\ude4b\ud83c\udffb\u200d\u2642\ufe0f Was kann ich w\u00e4hrend eins Demos erwarten?<\/h2>\n            <\/div>\n            <div class=\"elementskit-faq-body\">\n                Ein RepairCMS-Demo-Call ist Ihre Gelegenheit, zu erkunden, wie unsere Software f\u00fcr Reparatur-Ticketing Ihre spezifischen Bed\u00fcrfnisse erf\u00fcllen kann. Sie sprechen direkt mit einem Vertriebsmitarbeiter, der Sie durch die Funktionen, Preise, Integrationen und mehr f\u00fchrt. Egal, ob Sie einen \u00dcberblick suchen oder spezifische Fragen haben, dieser Call ist darauf ausgelegt, Ihnen Klarheit dar\u00fcber zu verschaffen, wie unsere Software Ihren Reparaturprozess verbessern kann.            <\/div>\n        <\/div>\n                <div class=\"elementskit-single-faq elementor-repeater-item-a6aa476\">\n            <div class=\"elementskit-faq-header\">\n                <h2 class=\"elementskit-faq-title\">\ud83d\ude4b\ud83c\udffb\u200d\u2642\ufe0f Kann ich Kollegen zum Demo-Call einladen?<\/h2>\n            <\/div>\n            <div class=\"elementskit-faq-body\">\n                Absolut! Sie k\u00f6nnen gerne Kollegen oder andere Mitarbeiter aus Ihrem Unternehmen einladen, die mehr \u00fcber RepairCMS Ultimate erfahren m\u00f6chten. Es k\u00f6nnen bis zu 100 Teilnehmer an dem Call teilnehmen.            <\/div>\n        <\/div>\n                <div class=\"elementskit-single-faq elementor-repeater-item-d49bdd0\">\n            <div class=\"elementskit-faq-header\">\n                <h2 class=\"elementskit-faq-title\">\ud83d\ude4b\ud83c\udffb\u200d\u2642\ufe0f Wird die Demo auf mein Unternehmen zugeschnitten?<\/h2>\n            <\/div>\n            <div class=\"elementskit-faq-body\">\n                Ja! Die Demo ist vollst\u00e4ndig an Ihre spezifische Service-Nische und Anforderungen anpassbar. Wir stellen sicher, dass das, was wir Ihnen zeigen, relevant f\u00fcr Ihr Unternehmen ist, damit Sie genau das erhalten, was Sie ben\u00f6tigen, ohne unn\u00f6tige Informationen.            <\/div>\n        <\/div>\n                                <script type=\"application\/ld+json\">{\"@context\":\"https:\/\/schema.org\",\"@type\":\"FAQPage\",\"mainEntity\":[{\"@type\":\"Question\",\"name\":\"\ud83d\ude4b\ud83c\udffb\u200d\u2642\ufe0f Was kann ich w\u00e4hrend eins Demos erwarten?\",\"acceptedAnswer\":{\"@type\":\"Answer\",\"text\":\"Ein RepairCMS-Demo-Call ist Ihre Gelegenheit, zu erkunden, wie unsere Software f\u00fcr Reparatur-Ticketing Ihre spezifischen Bed\u00fcrfnisse erf\u00fcllen kann. Sie sprechen direkt mit einem Vertriebsmitarbeiter, der Sie durch die Funktionen, Preise, Integrationen und mehr f\u00fchrt. Egal, ob Sie einen \u00dcberblick suchen oder spezifische Fragen haben, dieser Call ist darauf ausgelegt, Ihnen Klarheit dar\u00fcber zu verschaffen, wie unsere Software Ihren Reparaturprozess verbessern kann.\"}},{\"@type\":\"Question\",\"name\":\"\ud83d\ude4b\ud83c\udffb\u200d\u2642\ufe0f Kann ich Kollegen zum Demo-Call einladen?\",\"acceptedAnswer\":{\"@type\":\"Answer\",\"text\":\"Absolut! Sie k\u00f6nnen gerne Kollegen oder andere Mitarbeiter aus Ihrem Unternehmen einladen, die mehr \u00fcber RepairCMS Ultimate erfahren m\u00f6chten. Es k\u00f6nnen bis zu 100 Teilnehmer an dem Call teilnehmen.\"}},{\"@type\":\"Question\",\"name\":\"\ud83d\ude4b\ud83c\udffb\u200d\u2642\ufe0f Wird die Demo auf mein Unternehmen zugeschnitten?\",\"acceptedAnswer\":{\"@type\":\"Answer\",\"text\":\"Ja! Die Demo ist vollst\u00e4ndig an Ihre spezifische Service-Nische und Anforderungen anpassbar. Wir stellen sicher, dass das, was wir Ihnen zeigen, relevant f\u00fcr Ihr Unternehmen ist, damit Sie genau das erhalten, was Sie ben\u00f6tigen, ohne unn\u00f6tige Informationen.\"}}]}<\/script>\n                \n    <\/div>\t\t\t\t<\/div>\n\t\t\t\t<\/div>\n\t\t\t\t<\/div>\n\t\t<div class=\"elementor-element elementor-element-3e42142 e-con-full e-flex e-con e-child\" data-id=\"3e42142\" data-element_type=\"container\" data-settings=\"{&quot;ekit_has_onepagescroll_dot&quot;:&quot;yes&quot;}\">\n\t\t\t\t<div class=\"elementor-element elementor-element-e6920d7 elementor-widget elementor-widget-elementskit-faq\" data-id=\"e6920d7\" data-element_type=\"widget\" data-settings=\"{&quot;ekit_we_effect_on&quot;:&quot;none&quot;}\" data-widget_type=\"elementskit-faq.default\">\n\t\t\t\t<div class=\"elementor-widget-container\">\n\t\t\t\t\t<div class=\"ekit-wid-con\" >\n                <div class=\"elementskit-single-faq elementor-repeater-item-23776dd\">\n            <div class=\"elementskit-faq-header\">\n                <h2 class=\"elementskit-faq-title\">\ud83d\ude4b\ud83c\udffb\u200d\u2642\ufe0f Wie lange dauert die Demo?<\/h2>\n            <\/div>\n            <div class=\"elementskit-faq-body\">\n                Eine typische Demo dauert etwa 30 Minuten. Wenn Sie jedoch tiefer in spezifische Funktionen eintauchen oder weitere Fragen haben m\u00f6chten, sind wir gerne bereit, den Call um 5-10 Minuten zu verl\u00e4ngern.            <\/div>\n        <\/div>\n                <div class=\"elementskit-single-faq elementor-repeater-item-48a69cf\">\n            <div class=\"elementskit-faq-header\">\n                <h2 class=\"elementskit-faq-title\">\ud83d\ude4b\ud83c\udffb\u200d\u2642\ufe0f Brauche ich ein Testkonto, f\u00fcr den Demo-Call<\/h2>\n            <\/div>\n            <div class=\"elementskit-faq-body\">\n                Nein, ein Testkonto ist nicht erforderlich, um einen Demo-Call zu planen, aber es kann das Erlebnis verbessern. Wenn Sie sich vor dem Demo-Call f\u00fcr einen kostenlosen Test anmelden, k\u00f6nnen Sie die Funktionen w\u00e4hrend des Calls praktisch erkunden. Unser Test erfordert keine Kreditkarte und ist unverbindlich.\n\n            <\/div>\n        <\/div>\n                <div class=\"elementskit-single-faq elementor-repeater-item-cb28314\">\n            <div class=\"elementskit-faq-header\">\n                <h2 class=\"elementskit-faq-title\">\ud83d\ude4b\ud83c\udffb\u200d\u2642\ufe0f Was ist der Unterschied zwischen einem Demo-Call, einer Einrichtungssitzung und einer Schulungssitzung?<\/h2>\n            <\/div>\n            <div class=\"elementskit-faq-body\">\n                Wir bieten alle drei an, die jeweils einen einzigartigen Zweck w\u00e4hrend der Einarbeitung erf\u00fcllen. Der Demo-Call ist Ihre erste Einf\u00fchrung in RepairCMS und zeigt Ihnen, wie es f\u00fcr Ihre spezifischen Bed\u00fcrfnisse funktioniert. Die Einrichtungssitzung hilft Ihnen, Ihr kostenloses RepairCMS Ultimate-Testkonto so zu konfigurieren, dass es zu Ihrem Unternehmen passt. Die Schulungssitzung konzentriert sich darauf, Ihr Team mit dem Wissen auszustatten, um die Software effizient zu verwalten und zu betreiben.            <\/div>\n        <\/div>\n                                <script type=\"application\/ld+json\">{\"@context\":\"https:\/\/schema.org\",\"@type\":\"FAQPage\",\"mainEntity\":[{\"@type\":\"Question\",\"name\":\"\ud83d\ude4b\ud83c\udffb\u200d\u2642\ufe0f Wie lange dauert die Demo?\",\"acceptedAnswer\":{\"@type\":\"Answer\",\"text\":\"Eine typische Demo dauert etwa 30 Minuten. Wenn Sie jedoch tiefer in spezifische Funktionen eintauchen oder weitere Fragen haben m\u00f6chten, sind wir gerne bereit, den Call um 5-10 Minuten zu verl\u00e4ngern.\"}},{\"@type\":\"Question\",\"name\":\"\ud83d\ude4b\ud83c\udffb\u200d\u2642\ufe0f Brauche ich ein Testkonto, f\u00fcr den Demo-Call\",\"acceptedAnswer\":{\"@type\":\"Answer\",\"text\":\"Nein, ein Testkonto ist nicht erforderlich, um einen Demo-Call zu planen, aber es kann das Erlebnis verbessern. Wenn Sie sich vor dem Demo-Call f\u00fcr einen kostenlosen Test anmelden, k\u00f6nnen Sie die Funktionen w\u00e4hrend des Calls praktisch erkunden. Unser Test erfordert keine Kreditkarte und ist unverbindlich.\\n\\n\"}},{\"@type\":\"Question\",\"name\":\"\ud83d\ude4b\ud83c\udffb\u200d\u2642\ufe0f Was ist der Unterschied zwischen einem Demo-Call, einer Einrichtungssitzung und einer Schulungssitzung?\",\"acceptedAnswer\":{\"@type\":\"Answer\",\"text\":\"Wir bieten alle drei an, die jeweils einen einzigartigen Zweck w\u00e4hrend der Einarbeitung erf\u00fcllen. Der Demo-Call ist Ihre erste Einf\u00fchrung in RepairCMS und zeigt Ihnen, wie es f\u00fcr Ihre spezifischen Bed\u00fcrfnisse funktioniert. Die Einrichtungssitzung hilft Ihnen, Ihr kostenloses RepairCMS Ultimate-Testkonto so zu konfigurieren, dass es zu Ihrem Unternehmen passt. Die Schulungssitzung konzentriert sich darauf, Ihr Team mit dem Wissen auszustatten, um die Software effizient zu verwalten und zu betreiben.\"}}]}<\/script>\n                \n    <\/div>\t\t\t\t<\/div>\n\t\t\t\t<\/div>\n\t\t\t\t<\/div>\n\t\t\t\t\t<\/div>\n\t\t\t\t<\/div>\n\t\t\t\t<\/div>\n\t\t","protected":false},"excerpt":{"rendered":"<p>Entdecken Sie die Zukunft der Reparaturverwaltung. Jetzt Demo vereinbaren! Vereinbaren Sie noch heute eine pers\u00f6nliche Demo und sehen Sie die Vorteile live! Demo vereinbaren Was sie in der Demo lernen Wie Sie Ihre Ziele mit RepairCMS erreichen Wie RepairCMS Ultimate funktioniert Sie erhalten eine exklusive Produkttour Antworten auf jegliche Fragen zu RepairCMS Wir freuen uns [&hellip;]<\/p>\n","protected":false},"author":1,"featured_media":0,"parent":0,"menu_order":0,"comment_status":"closed","ping_status":"closed","template":"","meta":{"content-type":"","inline_featured_image":false,"_monsterinsights_skip_tracking":false,"_monsterinsights_sitenote_active":false,"_monsterinsights_sitenote_note":"","_monsterinsights_sitenote_category":0,"site-sidebar-layout":"no-sidebar","site-content-layout":"","ast-site-content-layout":"full-width-container","site-content-style":"default","site-sidebar-style":"default","ast-global-header-display":"","ast-banner-title-visibility":"","ast-main-header-display":"","ast-hfb-above-header-display":"","ast-hfb-below-header-display":"","ast-hfb-mobile-header-display":"","site-post-title":"disabled","ast-breadcrumbs-content":"","ast-featured-img":"disabled","footer-sml-layout":"","theme-transparent-header-meta":"","adv-header-id-meta":"","stick-header-meta":"","header-above-stick-meta":"","header-main-stick-meta":"","header-below-stick-meta":"","astra-migrate-meta-layouts":"default","ast-page-background-enabled":"default","ast-page-background-meta":{"desktop":{"background-color":"var(--ast-global-color-4)","background-image":"","background-repeat":"repeat","background-position":"center center","background-size":"auto","background-attachment":"scroll","background-type":"","background-media":"","overlay-type":"","overlay-color":"","overlay-opacity":"","overlay-gradient":""},"tablet":{"background-color":"","background-image":"","background-repeat":"repeat","background-position":"center center","background-size":"auto","background-attachment":"scroll","background-type":"","background-media":"","overlay-type":"","overlay-color":"","overlay-opacity":"","overlay-gradient":""},"mobile":{"background-color":"","background-image":"","background-repeat":"repeat","background-position":"center center","background-size":"auto","background-attachment":"scroll","background-type":"","background-media":"","overlay-type":"","overlay-color":"","overlay-opacity":"","overlay-gradient":""}},"ast-content-background-meta":{"desktop":{"background-color":"var(--ast-global-color-5)","background-image":"","background-repeat":"repeat","background-position":"center center","background-size":"auto","background-attachment":"scroll","background-type":"","background-media":"","overlay-type":"","overlay-color":"","overlay-opacity":"","overlay-gradient":""},"tablet":{"background-color":"var(--ast-global-color-5)","background-image":"","background-repeat":"repeat","background-position":"center center","background-size":"auto","background-attachment":"scroll","background-type":"","background-media":"","overlay-type":"","overlay-color":"","overlay-opacity":"","overlay-gradient":""},"mobile":{"background-color":"var(--ast-global-color-5)","background-image":"","background-repeat":"repeat","background-position":"center center","background-size":"auto","background-attachment":"scroll","background-type":"","background-media":"","overlay-type":"","overlay-color":"","overlay-opacity":"","overlay-gradient":""}},"footnotes":""},"class_list":["post-8057","page","type-page","status-publish","hentry"],"_links":{"self":[{"href":"https:\/\/repaircms.com\/de\/wp-json\/wp\/v2\/pages\/8057","targetHints":{"allow":["GET"]}}],"collection":[{"href":"https:\/\/repaircms.com\/de\/wp-json\/wp\/v2\/pages"}],"about":[{"href":"https:\/\/repaircms.com\/de\/wp-json\/wp\/v2\/types\/page"}],"author":[{"embeddable":true,"href":"https:\/\/repaircms.com\/de\/wp-json\/wp\/v2\/users\/1"}],"replies":[{"embeddable":true,"href":"https:\/\/repaircms.com\/de\/wp-json\/wp\/v2\/comments?post=8057"}],"version-history":[{"count":0,"href":"https:\/\/repaircms.com\/de\/wp-json\/wp\/v2\/pages\/8057\/revisions"}],"wp:attachment":[{"href":"https:\/\/repaircms.com\/de\/wp-json\/wp\/v2\/media?parent=8057"}],"curies":[{"name":"wp","href":"https:\/\/api.w.org\/{rel}","templated":true}]}}